{"id":12128,"date":"2025-05-20T19:53:23","date_gmt":"2025-05-20T23:53:23","guid":{"rendered":"https:\/\/staging.jobalso.ca\/conditions-generales\/"},"modified":"2025-10-02T13:32:34","modified_gmt":"2025-10-02T17:32:34","slug":"conditions-generales","status":"publish","type":"page","link":"https:\/\/staging.jobalso.ca\/fr\/conditions-generales\/","title":{"rendered":"Conditions g\u00e9n\u00e9rales"},"content":{"rendered":"\t\t<div data-elementor-type=\"wp-page\" data-elementor-id=\"12128\" class=\"elementor elementor-12128 elementor-11286\" data-elementor-post-type=\"page\">\n\t\t\t\t<div class=\"elementor-element elementor-element-9b60ee3 e-flex e-con-boxed e-con e-parent\" data-id=\"9b60ee3\" data-element_type=\"container\" data-settings=\"{&quot;jet_parallax_layout_list&quot;:[{&quot;_id&quot;:&quot;29551d5&quot;,&quot;jet_parallax_layout_image&quot;:{&quot;url&quot;:&quot;&quot;,&quot;id&quot;:&quot;&quot;,&quot;size&quot;:&quot;&quot;},&quot;jet_parallax_layout_image_tablet&quot;:{&quot;url&quot;:&quot;&quot;,&quot;id&quot;:&quot;&quot;,&quot;size&quot;:&quot;&quot;},&quot;jet_parallax_layout_image_mobile&quot;:{&quot;url&quot;:&quot;&quot;,&quot;id&quot;:&quot;&quot;,&quot;size&quot;:&quot;&quot;},&quot;jet_parallax_layout_speed&quot;:{&quot;unit&quot;:&quot;%&quot;,&quot;size&quot;:50,&quot;sizes&quot;:[]},&quot;jet_parallax_layout_type&quot;:&quot;scroll&quot;,&quot;jet_parallax_layout_direction&quot;:&quot;1&quot;,&quot;jet_parallax_layout_fx_direction&quot;:null,&quot;jet_parallax_layout_z_index&quot;:&quot;&quot;,&quot;jet_parallax_layout_bg_x&quot;:50,&quot;jet_parallax_layout_bg_x_tablet&quot;:&quot;&quot;,&quot;jet_parallax_layout_bg_x_mobile&quot;:&quot;&quot;,&quot;jet_parallax_layout_bg_y&quot;:50,&quot;jet_parallax_layout_bg_y_tablet&quot;:&quot;&quot;,&quot;jet_parallax_layout_bg_y_mobile&quot;:&quot;&quot;,&quot;jet_parallax_layout_bg_size&quot;:&quot;auto&quot;,&quot;jet_parallax_layout_bg_size_tablet&quot;:&quot;&quot;,&quot;jet_parallax_layout_bg_size_mobile&quot;:&quot;&quot;,&quot;jet_parallax_layout_animation_prop&quot;:&quot;transform&quot;,&quot;jet_parallax_layout_on&quot;:[&quot;desktop&quot;,&quot;tablet&quot;]}]}\">\n\t\t\t\t\t<div class=\"e-con-inner\">\n\t\t<div class=\"elementor-element elementor-element-3ed11b5 e-con-full e-flex e-con e-child\" data-id=\"3ed11b5\" data-element_type=\"container\" data-settings=\"{&quot;background_background&quot;:&quot;classic&quot;,&quot;jet_parallax_layout_list&quot;:[]}\">\n\t\t<div class=\"elementor-element elementor-element-ceae7cd e-con-full e-flex e-con e-child\" data-id=\"ceae7cd\" data-element_type=\"container\" data-settings=\"{&quot;jet_parallax_layout_list&quot;:[]}\">\n\t\t\t\t<div class=\"elementor-element elementor-element-2a7b81b elementor-widget__width-initial elementor-widget-mobile__width-inherit elementor-widget elementor-widget-icon-box\" data-id=\"2a7b81b\" data-element_type=\"widget\" data-widget_type=\"icon-box.default\">\n\t\t\t\t<div class=\"elementor-widget-container\">\n\t\t\t\t\t\t\t<div class=\"elementor-icon-box-wrapper\">\n\n\t\t\t\n\t\t\t\t\t\t<div class=\"elementor-icon-box-content\">\n\n\t\t\t\t\t\t\t\t\t<h1 class=\"elementor-icon-box-title\">\n\t\t\t\t\t\t<span  >\n\t\t\t\t\t\t\tConditions g\u00e9n\u00e9rales\t\t\t\t\t\t<\/span>\n\t\t\t\t\t<\/h1>\n\t\t\t\t\n\t\t\t\t\t\t\t\t\t<p class=\"elementor-icon-box-description\">\n\t\t\t\t\t\t<b>Derni\u00e8re mise \u00e0 jour :<\/b> 20 mai 2025\n<br><br>Bienvenue sur Jobalso. En acc\u00e9dant \u00e0 notre plateforme et \u00e0 nos services ou en les utilisant, vous acceptez les conditions g\u00e9n\u00e9rales suivantes. \n\t\t\t\t\t<\/p>\n\t\t\t\t\n\t\t\t<\/div>\n\t\t\t\n\t\t<\/div>\n\t\t\t\t\t\t<\/div>\n\t\t\t\t<\/div>\n\t\t\t\t<\/div>\n\t\t\t\t<div class=\"elementor-element elementor-element-620c843 elementor-toc--minimized-on-tablet elementor-widget elementor-widget-table-of-contents\" data-id=\"620c843\" data-element_type=\"widget\" data-settings=\"{&quot;headings_by_tags&quot;:[&quot;h2&quot;,&quot;h3&quot;],&quot;exclude_headings_by_selector&quot;:[],&quot;no_headings_message&quot;:&quot;No headings were found on this page.&quot;,&quot;marker_view&quot;:&quot;numbers&quot;,&quot;minimize_box&quot;:&quot;yes&quot;,&quot;minimized_on&quot;:&quot;tablet&quot;,&quot;hierarchical_view&quot;:&quot;yes&quot;,&quot;min_height&quot;:{&quot;unit&quot;:&quot;px&quot;,&quot;size&quot;:&quot;&quot;,&quot;sizes&quot;:[]},&quot;min_height_tablet&quot;:{&quot;unit&quot;:&quot;px&quot;,&quot;size&quot;:&quot;&quot;,&quot;sizes&quot;:[]},&quot;min_height_mobile&quot;:{&quot;unit&quot;:&quot;px&quot;,&quot;size&quot;:&quot;&quot;,&quot;sizes&quot;:[]}}\" data-widget_type=\"table-of-contents.default\">\n\t\t\t\t<div class=\"elementor-widget-container\">\n\t\t\t\t\t\t\t\t\t<div class=\"elementor-toc__header\">\n\t\t\t\t\t\t<h4 class=\"elementor-toc__header-title\">\n\t\t\t\tTable des mati\u00e8res\t\t\t<\/h4>\n\t\t\t\t\t\t\t\t\t\t<div class=\"elementor-toc__toggle-button elementor-toc__toggle-button--expand\" role=\"button\" tabindex=\"0\" aria-controls=\"elementor-toc__620c843\" aria-expanded=\"true\" aria-label=\"Ouvrir la table des mati\u00e8res\"><svg aria-hidden=\"true\" class=\"e-font-icon-svg e-fas-chevron-down\" viewBox=\"0 0 448 512\" xmlns=\"http:\/\/www.w3.org\/2000\/svg\"><path d=\"M207.029 381.476L12.686 187.132c-9.373-9.373-9.373-24.569 0-33.941l22.667-22.667c9.357-9.357 24.522-9.375 33.901-.04L224 284.505l154.745-154.021c9.379-9.335 24.544-9.317 33.901.04l22.667 22.667c9.373 9.373 9.373 24.569 0 33.941L240.971 381.476c-9.373 9.372-24.569 9.372-33.942 0z\"><\/path><\/svg><\/div>\n\t\t\t\t<div class=\"elementor-toc__toggle-button elementor-toc__toggle-button--collapse\" role=\"button\" tabindex=\"0\" aria-controls=\"elementor-toc__620c843\" aria-expanded=\"true\" aria-label=\"Fermer la table des mati\u00e8res\"><svg aria-hidden=\"true\" class=\"e-font-icon-svg e-fas-chevron-up\" viewBox=\"0 0 448 512\" xmlns=\"http:\/\/www.w3.org\/2000\/svg\"><path d=\"M240.971 130.524l194.343 194.343c9.373 9.373 9.373 24.569 0 33.941l-22.667 22.667c-9.357 9.357-24.522 9.375-33.901.04L224 227.495 69.255 381.516c-9.379 9.335-24.544 9.317-33.901-.04l-22.667-22.667c-9.373-9.373-9.373-24.569 0-33.941L207.03 130.525c9.372-9.373 24.568-9.373 33.941-.001z\"><\/path><\/svg><\/div>\n\t\t\t\t\t<\/div>\n\t\t\t\t<div id=\"elementor-toc__620c843\" class=\"elementor-toc__body\">\n\t\t\t<div class=\"elementor-toc__spinner-container\">\n\t\t\t\t<svg class=\"elementor-toc__spinner eicon-animation-spin e-font-icon-svg e-eicon-loading\" aria-hidden=\"true\" viewBox=\"0 0 1000 1000\" xmlns=\"http:\/\/www.w3.org\/2000\/svg\"><path d=\"M500 975V858C696 858 858 696 858 500S696 142 500 142 142 304 142 500H25C25 237 238 25 500 25S975 237 975 500 763 975 500 975Z\"><\/path><\/svg>\t\t\t<\/div>\n\t\t<\/div>\n\t\t\t\t\t\t<\/div>\n\t\t\t\t<\/div>\n\t\t\t\t<div class=\"elementor-element elementor-element-80fb283 elementor-widget elementor-widget-heading\" data-id=\"80fb283\" data-element_type=\"widget\" data-widget_type=\"heading.default\">\n\t\t\t\t<div class=\"elementor-widget-container\">\n\t\t\t\t\t<h2 class=\"elementor-heading-title elementor-size-default\">Aper\u00e7u des services\n<\/h2>\t\t\t\t<\/div>\n\t\t\t\t<\/div>\n\t\t\t\t<div class=\"elementor-element elementor-element-fd9030d elementor-widget elementor-widget-text-editor\" data-id=\"fd9030d\" data-element_type=\"widget\" data-widget_type=\"text-editor.default\">\n\t\t\t\t<div class=\"elementor-widget-container\">\n\t\t\t\t\t\t\t\t\t<p>Jobalso fournit aux employeurs les outils suivants :<\/p><ul><li>Publier des offres d\u2019emploi (actuellement gratuit, avec des fonctionnalit\u00e9s premium en option)<\/li><li>Demander des v\u00e9rifications de candidats (service payant)<\/li><li>Soumettre des demandes de sourcing pour recevoir des candidats pr\u00e9s\u00e9lectionn\u00e9s (service payant)<\/li><\/ul><p>Ces services sont soumis aux conditions d\u00e9crites ci-dessous.<\/p>\t\t\t\t\t\t\t\t<\/div>\n\t\t\t\t<\/div>\n\t\t\t\t<div class=\"elementor-element elementor-element-02db171 elementor-widget elementor-widget-heading\" data-id=\"02db171\" data-element_type=\"widget\" data-widget_type=\"heading.default\">\n\t\t\t\t<div class=\"elementor-widget-container\">\n\t\t\t\t\t<h2 class=\"elementor-heading-title elementor-size-default\">Comptes d\u2019utilisateur<\/h2>\t\t\t\t<\/div>\n\t\t\t\t<\/div>\n\t\t\t\t<div class=\"elementor-element elementor-element-c80e4d5 elementor-widget elementor-widget-text-editor\" data-id=\"c80e4d5\" data-element_type=\"widget\" data-widget_type=\"text-editor.default\">\n\t\t\t\t<div class=\"elementor-widget-container\">\n\t\t\t\t\t\t\t\t\t<ul><li>Les employeurs et les candidats doivent cr\u00e9er un compte pour utiliser certaines fonctionnalit\u00e9s.<\/li><li>Les utilisateurs sont responsables de l\u2019exactitude des informations qu\u2019ils fournissent.<\/li><li>Jobalso se r\u00e9serve le droit de suspendre ou de supprimer tout compte qui enfreint ces conditions.<\/li><\/ul>\t\t\t\t\t\t\t\t<\/div>\n\t\t\t\t<\/div>\n\t\t\t\t<div class=\"elementor-element elementor-element-031b59c elementor-widget elementor-widget-heading\" data-id=\"031b59c\" data-element_type=\"widget\" data-widget_type=\"heading.default\">\n\t\t\t\t<div class=\"elementor-widget-container\">\n\t\t\t\t\t<h2 class=\"elementor-heading-title elementor-size-default\">Offres d\u2019emploi<\/h2>\t\t\t\t<\/div>\n\t\t\t\t<\/div>\n\t\t\t\t<div class=\"elementor-element elementor-element-e8fa14c elementor-widget elementor-widget-text-editor\" data-id=\"e8fa14c\" data-element_type=\"widget\" data-widget_type=\"text-editor.default\">\n\t\t\t\t<div class=\"elementor-widget-container\">\n\t\t\t\t\t\t\t\t\t<ul><li>La publication d\u2019offres d\u2019emploi est actuellement gratuite, mais peut \u00eatre sujette \u00e0 modification. Jobalso fournira un pr\u00e9avis en cas de modification des prix. <\/li><li>Les employeurs peuvent choisir de promouvoir les offres d\u2019emploi pour une visibilit\u00e9 accrue gr\u00e2ce \u00e0 des fonctionnalit\u00e9s payantes.<\/li><li>Toutes les offres d\u2019emploi doivent \u00eatre exactes, non discriminatoires et conformes aux lois du travail applicables.<\/li><li>Les offres d\u2019emploi sont soumises \u00e0 un examen manuel et \u00e0 l\u2019approbation de Jobalso avant leur publication.<\/li><\/ul>\t\t\t\t\t\t\t\t<\/div>\n\t\t\t\t<\/div>\n\t\t\t\t<div class=\"elementor-element elementor-element-b580ddf elementor-widget elementor-widget-heading\" data-id=\"b580ddf\" data-element_type=\"widget\" data-widget_type=\"heading.default\">\n\t\t\t\t<div class=\"elementor-widget-container\">\n\t\t\t\t\t<h2 class=\"elementor-heading-title elementor-size-default\">V\u00e9rification des candidats<\/h2>\t\t\t\t<\/div>\n\t\t\t\t<\/div>\n\t\t\t\t<div class=\"elementor-element elementor-element-96cd228 elementor-widget elementor-widget-text-editor\" data-id=\"96cd228\" data-element_type=\"widget\" data-widget_type=\"text-editor.default\">\n\t\t\t\t<div class=\"elementor-widget-container\">\n\t\t\t\t\t\t\t\t\t<p>La v\u00e9rification des candidats est un service payant. Les employeurs peuvent demander des v\u00e9rifications pour : <\/p><ul><li>R\u00e9f\u00e9rences<\/li><li>Dipl\u00f4mes<\/li><li>Casier judiciaire<\/li><\/ul><p>Les prix sont affich\u00e9s pendant le processus de demande et peuvent varier selon le type de service.<\/p><p>Toutes les v\u00e9rifications sont effectu\u00e9es dans un d\u00e9lai de 2 \u00e0 4 jours ouvrables suivant la soumission et le paiement, sauf indication contraire.<\/p><p>Jobalso se r\u00e9serve le droit de refuser les demandes qui ne peuvent \u00eatre satisfaites en raison d\u2019un manque d\u2019informations ou de juridictions non prises en charge.<\/p>\t\t\t\t\t\t\t\t<\/div>\n\t\t\t\t<\/div>\n\t\t\t\t<div class=\"elementor-element elementor-element-3565907 elementor-widget elementor-widget-heading\" data-id=\"3565907\" data-element_type=\"widget\" data-widget_type=\"heading.default\">\n\t\t\t\t<div class=\"elementor-widget-container\">\n\t\t\t\t\t<h2 class=\"elementor-heading-title elementor-size-default\">Sourcing de candidats<\/h2>\t\t\t\t<\/div>\n\t\t\t\t<\/div>\n\t\t\t\t<div class=\"elementor-element elementor-element-a3a33df elementor-widget elementor-widget-text-editor\" data-id=\"a3a33df\" data-element_type=\"widget\" data-widget_type=\"text-editor.default\">\n\t\t\t\t<div class=\"elementor-widget-container\">\n\t\t\t\t\t\t\t\t\t<ul><li>Les employeurs peuvent demander le sourcing de 3 profils pr\u00e9s\u00e9lectionn\u00e9s adapt\u00e9s \u00e0 leurs crit\u00e8res.<\/li><li>Les frais de service sont de 499 $ CA, payables \u00e0 l\u2019avance.<\/li><li>La livraison est garantie dans les 5 jours ouvrables, sauf indication contraire.<\/li><li>Pour les postes difficiles \u00e0 pourvoir ou strat\u00e9giques, Jobalso peut contacter l\u2019employeur pour confirmer la demande ou ajuster le prix avant de proc\u00e9der.<\/li><\/ul>\t\t\t\t\t\t\t\t<\/div>\n\t\t\t\t<\/div>\n\t\t\t\t<div class=\"elementor-element elementor-element-4326704 elementor-widget elementor-widget-heading\" data-id=\"4326704\" data-element_type=\"widget\" data-widget_type=\"heading.default\">\n\t\t\t\t<div class=\"elementor-widget-container\">\n\t\t\t\t\t<h2 class=\"elementor-heading-title elementor-size-default\">Paiements et remboursements<\/h2>\t\t\t\t<\/div>\n\t\t\t\t<\/div>\n\t\t\t\t<div class=\"elementor-element elementor-element-9be0a1c elementor-widget elementor-widget-text-editor\" data-id=\"9be0a1c\" data-element_type=\"widget\" data-widget_type=\"text-editor.default\">\n\t\t\t\t<div class=\"elementor-widget-container\">\n\t\t\t\t\t\t\t\t\t<ul><li>Tous les services payants sont trait\u00e9s par le biais de passerelles de paiement s\u00e9curis\u00e9es (p. ex., Stripe ou PayPal).<\/li><li>Les paiements ne sont pas remboursables une fois que le processus de v\u00e9rification ou de sourcing a commenc\u00e9.<\/li><li>Dans de rares cas d\u2019erreurs techniques ou d\u2019indisponibilit\u00e9 du service, des remboursements partiels ou complets peuvent \u00eatre \u00e9mis \u00e0 la discr\u00e9tion de Jobalso.<\/li><li>Pour les postes difficiles \u00e0 pourvoir ou strat\u00e9giques, Jobalso peut contacter l\u2019employeur pour confirmer la demande ou ajuster le prix avant de proc\u00e9der.<\/li><\/ul>\t\t\t\t\t\t\t\t<\/div>\n\t\t\t\t<\/div>\n\t\t\t\t<div class=\"elementor-element elementor-element-0b7ebf8 elementor-widget elementor-widget-heading\" data-id=\"0b7ebf8\" data-element_type=\"widget\" data-widget_type=\"heading.default\">\n\t\t\t\t<div class=\"elementor-widget-container\">\n\t\t\t\t\t<h2 class=\"elementor-heading-title elementor-size-default\">Confidentialit\u00e9 des donn\u00e9es<\/h2>\t\t\t\t<\/div>\n\t\t\t\t<\/div>\n\t\t\t\t<div class=\"elementor-element elementor-element-5f6bbbe elementor-widget elementor-widget-text-editor\" data-id=\"5f6bbbe\" data-element_type=\"widget\" data-widget_type=\"text-editor.default\">\n\t\t\t\t<div class=\"elementor-widget-container\">\n\t\t\t\t\t\t\t\t\t<ul><li>Toutes les informations soumises par le biais de la plateforme sont trait\u00e9es avec une stricte confidentialit\u00e9.<\/li><li>Les donn\u00e9es des candidats sont utilis\u00e9es uniquement \u00e0 des fins de v\u00e9rification ou de sourcing et ne sont pas partag\u00e9es avec des tiers en dehors du champ d\u2019application du service.<\/li><\/ul>\t\t\t\t\t\t\t\t<\/div>\n\t\t\t\t<\/div>\n\t\t\t\t<div class=\"elementor-element elementor-element-989501d elementor-widget elementor-widget-heading\" data-id=\"989501d\" data-element_type=\"widget\" data-widget_type=\"heading.default\">\n\t\t\t\t<div class=\"elementor-widget-container\">\n\t\t\t\t\t<h2 class=\"elementor-heading-title elementor-size-default\">Limitation de responsabilit\u00e9<\/h2>\t\t\t\t<\/div>\n\t\t\t\t<\/div>\n\t\t\t\t<div class=\"elementor-element elementor-element-750b279 elementor-widget elementor-widget-text-editor\" data-id=\"750b279\" data-element_type=\"widget\" data-widget_type=\"text-editor.default\">\n\t\t\t\t<div class=\"elementor-widget-container\">\n\t\t\t\t\t\t\t\t\t<ul><li>Jobalso ne garantit pas le succ\u00e8s de l\u2019embauche ou le placement d\u2019un candidat par le biais de ses services.<\/li><li>Bien que nous nous efforcions d\u2019assurer l\u2019exactitude, Jobalso n\u2019est pas responsable des erreurs dans les donn\u00e9es de v\u00e9rification provenant de tiers.<\/li><li>Les employeurs sont seuls responsables de leurs d\u00e9cisions d\u2019embauche et du respect des lois du travail locales.<\/li><\/ul>\t\t\t\t\t\t\t\t<\/div>\n\t\t\t\t<\/div>\n\t\t\t\t<div class=\"elementor-element elementor-element-a30d279 elementor-widget elementor-widget-heading\" data-id=\"a30d279\" data-element_type=\"widget\" data-widget_type=\"heading.default\">\n\t\t\t\t<div class=\"elementor-widget-container\">\n\t\t\t\t\t<h2 class=\"elementor-heading-title elementor-size-default\">Limitation de responsabilit\u00e9<\/h2>\t\t\t\t<\/div>\n\t\t\t\t<\/div>\n\t\t\t\t<div class=\"elementor-element elementor-element-d087892 elementor-widget elementor-widget-text-editor\" data-id=\"d087892\" data-element_type=\"widget\" data-widget_type=\"text-editor.default\">\n\t\t\t\t<div class=\"elementor-widget-container\">\n\t\t\t\t\t\t\t\t\t<ul><li>Jobalso ne garantit pas le succ\u00e8s de l\u2019embauche ou le placement d\u2019un candidat par le biais de ses services.<\/li><li>Bien que nous nous efforcions d\u2019assurer l\u2019exactitude, Jobalso n\u2019est pas responsable des erreurs dans les donn\u00e9es de v\u00e9rification provenant de tiers.<\/li><li>Les employeurs sont seuls responsables de leurs d\u00e9cisions d\u2019embauche et du respect des lois du travail locales.<\/li><\/ul>\t\t\t\t\t\t\t\t<\/div>\n\t\t\t\t<\/div>\n\t\t\t\t<div class=\"elementor-element elementor-element-eef7f70 elementor-widget elementor-widget-heading\" data-id=\"eef7f70\" data-element_type=\"widget\" data-widget_type=\"heading.default\">\n\t\t\t\t<div class=\"elementor-widget-container\">\n\t\t\t\t\t<h2 class=\"elementor-heading-title elementor-size-default\">Modifications<\/h2>\t\t\t\t<\/div>\n\t\t\t\t<\/div>\n\t\t\t\t<div class=\"elementor-element elementor-element-0351a3e elementor-widget elementor-widget-text-editor\" data-id=\"0351a3e\" data-element_type=\"widget\" data-widget_type=\"text-editor.default\">\n\t\t\t\t<div class=\"elementor-widget-container\">\n\t\t\t\t\t\t\t\t\t<p>Jobalso se r\u00e9serve le droit de modifier ces conditions g\u00e9n\u00e9rales \u00e0 tout moment. Les utilisateurs seront inform\u00e9s des mises \u00e0 jour importantes, et l\u2019utilisation continue de la plateforme implique l\u2019acceptation des conditions r\u00e9vis\u00e9es. <\/p>\t\t\t\t\t\t\t\t<\/div>\n\t\t\t\t<\/div>\n\t\t\t\t<div class=\"elementor-element elementor-element-8958023 elementor-widget elementor-widget-heading\" data-id=\"8958023\" data-element_type=\"widget\" data-widget_type=\"heading.default\">\n\t\t\t\t<div class=\"elementor-widget-container\">\n\t\t\t\t\t<h2 class=\"elementor-heading-title elementor-size-default\">Contact<\/h2>\t\t\t\t<\/div>\n\t\t\t\t<\/div>\n\t\t\t\t<div class=\"elementor-element elementor-element-d9f9695 elementor-widget elementor-widget-text-editor\" data-id=\"d9f9695\" data-element_type=\"widget\" data-widget_type=\"text-editor.default\">\n\t\t\t\t<div class=\"elementor-widget-container\">\n\t\t\t\t\t\t\t\t\t<p>Pour toute question concernant ces conditions g\u00e9n\u00e9rales, veuillez nous contacter \u00e0 l\u2019adresse suivante :<\/p><p>Courriel : <a href=\"mailto:contact@jobalso.ca\">\n  <strong>contact@jobalso.ca<\/strong>\n<\/a><\/p><p> <\/p>\t\t\t\t\t\t\t\t<\/div>\n\t\t\t\t<\/div>\n\t\t\t\t<\/div>\n\t\t\t\t\t<\/div>\n\t\t\t\t<\/div>\n\t\t\t\t<\/div>\n\t\t","protected":false},"excerpt":{"rendered":"<p>Conditions g\u00e9n\u00e9rales Derni\u00e8re mise \u00e0 jour : 20 mai 2025 Bienvenue sur Jobalso. En acc\u00e9dant \u00e0 notre plateforme et \u00e0 nos services ou en les utilisant, vous acceptez les conditions g\u00e9n\u00e9rales suivantes. Table des mati\u00e8res Aper\u00e7u des services Jobalso fournit aux employeurs les outils suivants : Publier des offres d\u2019emploi (actuellement gratuit, avec des fonctionnalit\u00e9s [&hellip;]<\/p>\n","protected":false},"author":1,"featured_media":0,"parent":0,"menu_order":0,"comment_status":"closed","ping_status":"closed","template":"","meta":{"_jet_sm_ready_style":"","_jet_sm_style":"","_jet_sm_controls_values":"","_jet_sm_fonts_collection":"","_jet_sm_fonts_links":"","footnotes":""},"class_list":["post-12128","page","type-page","status-publish","hentry"],"_links":{"self":[{"href":"https:\/\/staging.jobalso.ca\/fr\/wp-json\/wp\/v2\/pages\/12128","targetHints":{"allow":["GET"]}}],"collection":[{"href":"https:\/\/staging.jobalso.ca\/fr\/wp-json\/wp\/v2\/pages"}],"about":[{"href":"https:\/\/staging.jobalso.ca\/fr\/wp-json\/wp\/v2\/types\/page"}],"author":[{"embeddable":true,"href":"https:\/\/staging.jobalso.ca\/fr\/wp-json\/wp\/v2\/users\/1"}],"replies":[{"embeddable":true,"href":"https:\/\/staging.jobalso.ca\/fr\/wp-json\/wp\/v2\/comments?post=12128"}],"version-history":[{"count":1,"href":"https:\/\/staging.jobalso.ca\/fr\/wp-json\/wp\/v2\/pages\/12128\/revisions"}],"predecessor-version":[{"id":12129,"href":"https:\/\/staging.jobalso.ca\/fr\/wp-json\/wp\/v2\/pages\/12128\/revisions\/12129"}],"wp:attachment":[{"href":"https:\/\/staging.jobalso.ca\/fr\/wp-json\/wp\/v2\/media?parent=12128"}],"curies":[{"name":"wp","href":"https:\/\/api.w.org\/{rel}","templated":true}]}}